{"id":3325,"date":"2025-09-01T14:07:58","date_gmt":"2025-09-01T14:07:58","guid":{"rendered":"https:\/\/bemee.net\/?page_id=3325"},"modified":"2025-10-27T19:05:09","modified_gmt":"2025-10-27T19:05:09","slug":"test-rueda-de-la-vida","status":"publish","type":"page","link":"https:\/\/bemee.net\/en\/test-rueda-de-la-vida\/","title":{"rendered":"Test rueda de la vida"},"content":{"rendered":"<div data-elementor-type=\"wp-page\" data-elementor-id=\"3325\" class=\"elementor elementor-3325\" data-elementor-post-type=\"page\">\n\t\t\t\t<div class=\"elementor-element elementor-element-52cf78b e-flex e-con-boxed e-con e-parent\" data-id=\"52cf78b\" data-element_type=\"container\" data-e-type=\"container\">\n\t\t\t\t\t<div class=\"e-con-inner\">\n\t\t<div class=\"elementor-element elementor-element-42eae1e e-con-full e-flex e-con e-child\" data-id=\"42eae1e\" data-element_type=\"container\" data-e-type=\"container\">\n\t\t\t\t<div class=\"elementor-element elementor-element-5014a7e elementor-widget elementor-widget-heading\" data-id=\"5014a7e\" data-element_type=\"widget\" data-e-type=\"widget\" data-widget_type=\"heading.default\">\n\t\t\t\t<div class=\"elementor-widget-container\">\n\t\t\t\t\t<h1 class=\"elementor-heading-title elementor-size-default\">Tu punto de partida est\u00e1 aqu\u00ed<\/h1>\t\t\t\t<\/div>\n\t\t\t\t<\/div>\n\t\t\t\t<div class=\"elementor-element elementor-element-b91b575 elementor-widget elementor-widget-text-editor\" data-id=\"b91b575\" data-element_type=\"widget\" data-e-type=\"widget\" data-widget_type=\"text-editor.default\">\n\t\t\t\t<div class=\"elementor-widget-container\">\n\t\t\t\t\t\t\t\t\tA veces, no sabemos por d\u00f3nde comenzar. Sentimos que algo no est\u00e1 del todo alineado, pero no logramos verlo con claridad.\nLa Rueda de la Vida es una herramienta de autoconexi\u00f3n que te ayuda a tomar perspectiva y dar el primer paso con intenci\u00f3n.\nCompl\u00e9tala en 2 minutos. No hay respuestas correctas: hay verdad.\t\t\t\t\t\t\t\t<\/div>\n\t\t\t\t<\/div>\n\t\t\t\t<\/div>\n\t\t\t\t<div class=\"elementor-element elementor-element-b2f5605 elementor-align-center elementor-mobile-align-justify elementor-widget elementor-widget-button\" data-id=\"b2f5605\" data-element_type=\"widget\" data-e-type=\"widget\" data-widget_type=\"button.default\">\n\t\t\t\t<div class=\"elementor-widget-container\">\n\t\t\t\t\t\t\t\t\t<div class=\"elementor-button-wrapper\">\n\t\t\t\t\t<a class=\"elementor-button elementor-button-link elementor-size-sm\" href=\"https:\/\/bemee.net\/en\/preguntas-rueda-de-la-vida\/\">\n\t\t\t\t\t\t<span class=\"elementor-button-content-wrapper\">\n\t\t\t\t\t\t\t\t\t<span class=\"elementor-button-text\">Take my assessment now<\/span>\n\t\t\t\t\t<\/span>\n\t\t\t\t\t<\/a>\n\t\t\t\t<\/div>\n\t\t\t\t\t\t\t\t<\/div>\n\t\t\t\t<\/div>\n\t\t\t\t<div class=\"elementor-element elementor-element-772ca6c elementor-invisible elementor-widget elementor-widget-image\" data-id=\"772ca6c\" data-element_type=\"widget\" data-e-type=\"widget\" data-settings=\"{&quot;_animation&quot;:&quot;rotateIn&quot;}\" data-widget_type=\"image.default\">\n\t\t\t\t<div class=\"elementor-widget-container\">\n\t\t\t\t\t\t\t\t\t\t\t\t\t\t\t<img fetchpriority=\"high\" decoding=\"async\" width=\"800\" height=\"817\" src=\"https:\/\/bemee.net\/wp-content\/uploads\/2025\/07\/Group-56-1003x1024.png\" class=\"attachment-large size-large wp-image-556\" alt=\"r\u00e1fico circular de la Rueda de la Vida en Be MEE mostrando \u00e1reas de salud, dinero, amor, familia, profesi\u00f3n, desarrollo personal, ocio y amigos para evaluar el equilibrio y bienestar.\" srcset=\"https:\/\/bemee.net\/wp-content\/uploads\/2025\/07\/Group-56-1003x1024.png 1003w, https:\/\/bemee.net\/wp-content\/uploads\/2025\/07\/Group-56-294x300.png 294w, https:\/\/bemee.net\/wp-content\/uploads\/2025\/07\/Group-56-768x784.png 768w, https:\/\/bemee.net\/wp-content\/uploads\/2025\/07\/Group-56-1504x1536.png 1504w, https:\/\/bemee.net\/wp-content\/uploads\/2025\/07\/Group-56-2005x2048.png 2005w, https:\/\/bemee.net\/wp-content\/uploads\/2025\/07\/Group-56-600x613.png 600w\" sizes=\"(max-width: 800px) 100vw, 800px\" \/>\t\t\t\t\t\t\t\t\t\t\t\t\t\t\t<\/div>\n\t\t\t\t<\/div>\n\t\t\t\t\t<\/div>\n\t\t\t\t<\/div>\n\t\t\t\t<\/div>","protected":false},"excerpt":{"rendered":"<p>Tu punto de partida est\u00e1 aqu\u00ed A veces, no sabemos por d\u00f3nde comenzar. Sentimos que algo no est\u00e1 del todo alineado, pero no logramos verlo con claridad. La Rueda de la Vida es una herramienta de autoconexi\u00f3n que te ayuda a tomar perspectiva y dar el primer paso con intenci\u00f3n. Compl\u00e9tala en 2 minutos. No [&hellip;]<\/p>\n","protected":false},"author":1,"featured_media":0,"parent":0,"menu_order":0,"comment_status":"closed","ping_status":"closed","template":"elementor_header_footer","meta":{"_acf_changed":false,"footnotes":""},"class_list":["post-3325","page","type-page","status-publish","hentry"],"acf":[],"_links":{"self":[{"href":"https:\/\/bemee.net\/en\/wp-json\/wp\/v2\/pages\/3325","targetHints":{"allow":["GET"]}}],"collection":[{"href":"https:\/\/bemee.net\/en\/wp-json\/wp\/v2\/pages"}],"about":[{"href":"https:\/\/bemee.net\/en\/wp-json\/wp\/v2\/types\/page"}],"author":[{"embeddable":true,"href":"https:\/\/bemee.net\/en\/wp-json\/wp\/v2\/users\/1"}],"replies":[{"embeddable":true,"href":"https:\/\/bemee.net\/en\/wp-json\/wp\/v2\/comments?post=3325"}],"version-history":[{"count":25,"href":"https:\/\/bemee.net\/en\/wp-json\/wp\/v2\/pages\/3325\/revisions"}],"predecessor-version":[{"id":4148,"href":"https:\/\/bemee.net\/en\/wp-json\/wp\/v2\/pages\/3325\/revisions\/4148"}],"wp:attachment":[{"href":"https:\/\/bemee.net\/en\/wp-json\/wp\/v2\/media?parent=3325"}],"curies":[{"name":"wp","href":"https:\/\/api.w.org\/{rel}","templated":true}]}}