{"id":3276,"date":"2025-08-29T19:50:55","date_gmt":"2025-08-29T19:50:55","guid":{"rendered":"https:\/\/bemee.net\/?page_id=3276"},"modified":"2025-09-05T13:53:41","modified_gmt":"2025-09-05T13:53:41","slug":"test-mentorias","status":"publish","type":"page","link":"https:\/\/bemee.net\/en\/test-mentorias\/","title":{"rendered":"Test Mentor\u00edas"},"content":{"rendered":"\t\t<div data-elementor-type=\"wp-page\" data-elementor-id=\"3276\" class=\"elementor elementor-3276\" data-elementor-post-type=\"page\">\n\t\t\t\t<div class=\"elementor-element elementor-element-32deba2 e-flex e-con-boxed e-con e-parent\" data-id=\"32deba2\" data-element_type=\"container\" data-e-type=\"container\">\n\t\t\t\t\t<div class=\"e-con-inner\">\n\t\t<div class=\"elementor-element elementor-element-9c53530 e-con-full e-flex e-con e-child\" data-id=\"9c53530\" data-element_type=\"container\" data-e-type=\"container\">\n\t\t\t\t<div class=\"elementor-element elementor-element-e0f7739 bemee-quiz elementor-widget elementor-widget-shortcode\" data-id=\"e0f7739\" data-element_type=\"widget\" data-e-type=\"widget\" data-widget_type=\"shortcode.default\">\n\t\t\t\t<div class=\"elementor-widget-container\">\n\t\t\t\t\t\t\t<div class=\"elementor-shortcode\"><div id=\"forminator-quiz-leads-3275\" class=\"forminator-ui forminator-quiz-leads forminator-quiz--list\" data-design=\"default\" data-color-option=\"default\" data-spacing=&quot;default&quot; data-alignment=&quot;left&quot;><div class=\"forminator-quiz-intro\">\n\t\t\t\t\t<h3 class=\"forminator-quiz--title\">Descubre tu acompa\u00f1amiento ideal<\/h3>\n\t\t\n\t\t\n\t\t\t\t\t<div class=\"forminator-quiz--description\"><p>\u00a1Bienvenido\/a al test que te guiar\u00e1! Responde estas breves preguntas para entender qu\u00e9 tipo de acompa\u00f1amiento Be MEE es perfecto para tu momento actual. \u00a1Es r\u00e1pido y divertido!<\/p><\/div>\n\t\t\n\t\t<button class=\"forminator-button forminator-quiz-start\" style=\"margin: 0 auto; display: block;\">Comenzar Test<\/button><\/div><form\n\t\t\t\tid=\"forminator-module-3275\"\n\t\t\t\tclass=\"forminator-ui forminator-quiz forminator-quiz-3275 forminator-quiz--list forminator-design--default  \"\n\t\t\t\tmethod=\"post\"\n\t\t\t\tdata-forminator-render=\"0\"\n\t\t\t\tdata-form-id=\"3275\"\n\t\t\t\t data-color-option=\"default\" data-design=\"default\" data-quiz=\"nowrong\" aria-live=\"polite\" data-spacing=\"default\" data-alignment=\"left\" style=\"display: none;\"\n\t\t\t\tdata-uid=\"69dc52668e5b9\"\n\t\t\t><div role=\"alert\" aria-live=\"polite\" class=\"forminator-response-message forminator-error forminator-hidden\"><\/div><div role=\"tabpanel\" id=\"forminator-custom-form-3275--page-0\" class=\"forminator-pagination forminator-hidden\" aria-labelledby=\"forminator-custom-form-3275--page-0-label\" data-step=\"0\" data-label=\"Page 0\"><div class=\"forminator-pagination--content\"><div class=\"forminator-page-indicator\"><span>Page 1 of 4<\/span><\/div>\n\t\t<div\n\t\t\ttabindex=\"0\"\n\t\t\trole=\"radiogroup\"\n\t\t\tid=\"question-6506-3269\"\n\t\t\tclass=\"forminator-question\"\n\t\t\tdata-question-type=\"personality\"\n\t\t\taria-labelledby=\"question-6506-3269-label\"\n\t\t\taria-describedby=\"question-6506-3269-description\"\n\t\t\taria-required=\"true\"\n\t\t>\n\n\t\t\t<span id=\"question-6506-3269-label\" class=\"forminator-legend\">\u00bfQu\u00e9 tipo de desaf\u00edo buscas abordar principalmente?<\/span>\n\t\t\t\n\t\t\t\t\t<label for=\"question-6506-3269-0-69dc52668ee1d\" class=\"forminator-answer forminator-only--text\">\n\n\t\t\t\t\t\t<input\n\t\t\t\t\t\t\ttype=\"radio\"\n\t\t\t\t\t\t\tname=\"answers[question-6506-3269]\"\n\t\t\t\t\t\t\tvalue=\"0\"\n\t\t\t\t\t\t\tid=\"question-6506-3269-0-69dc52668ee1d\"\n\t\t\t\t\t\t\tclass=\"\"\n\t\t\t\t\t\t\/>\n\n\t\t\t\t\t\t<span class=\"forminator-answer--design\" for=\"question-6506-3269-0-69dc52668ee1d\">\n\t\t\t\t\t\t\n\t\t\t\t\t\t<span class=\"forminator-answer--status\" aria-hidden=\"true\">\n\t\t\t\t\t\t\t<i class=\"forminator-icon-check\"><\/i>\n\t\t\t\t\t\t<\/span>\n\n\t\t\t\t\t\t\t\t\t\t\t\t\t<span class=\"forminator-answer--name\">A.\u00a0Uno muy espec\u00edfico y personal, que requiere un enfoque a medida.<\/span>\n\t\t\t\t\t\t\n\t\t\t\t\t\t<\/span>\n\t\t\t\t\t<\/label>\n\n\t\t\t\t\t\n\t\t\t\t\t<label for=\"question-6506-3269-1-69dc52668ee1d\" class=\"forminator-answer forminator-only--text\">\n\n\t\t\t\t\t\t<input\n\t\t\t\t\t\t\ttype=\"radio\"\n\t\t\t\t\t\t\tname=\"answers[question-6506-3269]\"\n\t\t\t\t\t\t\tvalue=\"1\"\n\t\t\t\t\t\t\tid=\"question-6506-3269-1-69dc52668ee1d\"\n\t\t\t\t\t\t\tclass=\"\"\n\t\t\t\t\t\t\/>\n\n\t\t\t\t\t\t<span class=\"forminator-answer--design\" for=\"question-6506-3269-1-69dc52668ee1d\">\n\t\t\t\t\t\t\n\t\t\t\t\t\t<span class=\"forminator-answer--status\" aria-hidden=\"true\">\n\t\t\t\t\t\t\t<i class=\"forminator-icon-check\"><\/i>\n\t\t\t\t\t\t<\/span>\n\n\t\t\t\t\t\t\t\t\t\t\t\t\t<span class=\"forminator-answer--name\">B.\u00a0Temas comunes a muchas personas, donde aprender de experiencias compartidas me enriquece.<\/span>\n\t\t\t\t\t\t\n\t\t\t\t\t\t<\/span>\n\t\t\t\t\t<\/label>\n\n\t\t\t\t\t\n\t\t\t\t\t<label for=\"question-6506-3269-2-69dc52668ee1d\" class=\"forminator-answer forminator-only--text\">\n\n\t\t\t\t\t\t<input\n\t\t\t\t\t\t\ttype=\"radio\"\n\t\t\t\t\t\t\tname=\"answers[question-6506-3269]\"\n\t\t\t\t\t\t\tvalue=\"2\"\n\t\t\t\t\t\t\tid=\"question-6506-3269-2-69dc52668ee1d\"\n\t\t\t\t\t\t\tclass=\"\"\n\t\t\t\t\t\t\/>\n\n\t\t\t\t\t\t<span class=\"forminator-answer--design\" for=\"question-6506-3269-2-69dc52668ee1d\">\n\t\t\t\t\t\t\n\t\t\t\t\t\t<span class=\"forminator-answer--status\" aria-hidden=\"true\">\n\t\t\t\t\t\t\t<i class=\"forminator-icon-check\"><\/i>\n\t\t\t\t\t\t<\/span>\n\n\t\t\t\t\t\t\t\t\t\t\t\t\t<span class=\"forminator-answer--name\">C.\u00a0Un objetivo claro que quiero alcanzar y necesito un plan de acci\u00f3n y seguimiento.<\/span>\n\t\t\t\t\t\t\n\t\t\t\t\t\t<\/span>\n\t\t\t\t\t<\/label>\n\n\t\t\t\t\t\n\t\t<\/div>\n\n\t\t<\/div><\/div><div role=\"tabpanel\" id=\"forminator-custom-form-3275--page-1\" class=\"forminator-pagination forminator-hidden\" aria-labelledby=\"forminator-custom-form-3275--page-1-label\" data-step=\"1\" data-label=\"Page 1\"><div class=\"forminator-pagination--content\"><div class=\"forminator-page-indicator\"><span>Page 2 of 4<\/span><\/div>\n\t\t<div\n\t\t\ttabindex=\"0\"\n\t\t\trole=\"radiogroup\"\n\t\t\tid=\"question-5487-5159\"\n\t\t\tclass=\"forminator-question\"\n\t\t\tdata-question-type=\"personality\"\n\t\t\taria-labelledby=\"question-5487-5159-label\"\n\t\t\taria-describedby=\"question-5487-5159-description\"\n\t\t\taria-required=\"true\"\n\t\t>\n\n\t\t\t<span id=\"question-5487-5159-label\" class=\"forminator-legend\">\u00bfC\u00f3mo prefieres recibir gu\u00eda y retroalimentaci\u00f3n?<\/span>\n\t\t\t\n\t\t\t\t\t<label for=\"question-5487-5159-0-69dc52668ee8f\" class=\"forminator-answer forminator-only--text\">\n\n\t\t\t\t\t\t<input\n\t\t\t\t\t\t\ttype=\"radio\"\n\t\t\t\t\t\t\tname=\"answers[question-5487-5159]\"\n\t\t\t\t\t\t\tvalue=\"0\"\n\t\t\t\t\t\t\tid=\"question-5487-5159-0-69dc52668ee8f\"\n\t\t\t\t\t\t\tclass=\"\"\n\t\t\t\t\t\t\/>\n\n\t\t\t\t\t\t<span class=\"forminator-answer--design\" for=\"question-5487-5159-0-69dc52668ee8f\">\n\t\t\t\t\t\t\n\t\t\t\t\t\t<span class=\"forminator-answer--status\" aria-hidden=\"true\">\n\t\t\t\t\t\t\t<i class=\"forminator-icon-check\"><\/i>\n\t\t\t\t\t\t<\/span>\n\n\t\t\t\t\t\t\t\t\t\t\t\t\t<span class=\"forminator-answer--name\">A.\u00a0En conversaciones profundas y confidenciales, donde la atenci\u00f3n est\u00e9 100% en m\u00ed.<\/span>\n\t\t\t\t\t\t\n\t\t\t\t\t\t<\/span>\n\t\t\t\t\t<\/label>\n\n\t\t\t\t\t\n\t\t\t\t\t<label for=\"question-5487-5159-1-69dc52668ee8f\" class=\"forminator-answer forminator-only--text\">\n\n\t\t\t\t\t\t<input\n\t\t\t\t\t\t\ttype=\"radio\"\n\t\t\t\t\t\t\tname=\"answers[question-5487-5159]\"\n\t\t\t\t\t\t\tvalue=\"1\"\n\t\t\t\t\t\t\tid=\"question-5487-5159-1-69dc52668ee8f\"\n\t\t\t\t\t\t\tclass=\"\"\n\t\t\t\t\t\t\/>\n\n\t\t\t\t\t\t<span class=\"forminator-answer--design\" for=\"question-5487-5159-1-69dc52668ee8f\">\n\t\t\t\t\t\t\n\t\t\t\t\t\t<span class=\"forminator-answer--status\" aria-hidden=\"true\">\n\t\t\t\t\t\t\t<i class=\"forminator-icon-check\"><\/i>\n\t\t\t\t\t\t<\/span>\n\n\t\t\t\t\t\t\t\t\t\t\t\t\t<span class=\"forminator-answer--name\">B.\u00a0A trav\u00e9s del intercambio de ideas y el apoyo mutuo con un grupo de pares.<\/span>\n\t\t\t\t\t\t\n\t\t\t\t\t\t<\/span>\n\t\t\t\t\t<\/label>\n\n\t\t\t\t\t\n\t\t\t\t\t<label for=\"question-5487-5159-2-69dc52668ee8f\" class=\"forminator-answer forminator-only--text\">\n\n\t\t\t\t\t\t<input\n\t\t\t\t\t\t\ttype=\"radio\"\n\t\t\t\t\t\t\tname=\"answers[question-5487-5159]\"\n\t\t\t\t\t\t\tvalue=\"2\"\n\t\t\t\t\t\t\tid=\"question-5487-5159-2-69dc52668ee8f\"\n\t\t\t\t\t\t\tclass=\"\"\n\t\t\t\t\t\t\/>\n\n\t\t\t\t\t\t<span class=\"forminator-answer--design\" for=\"question-5487-5159-2-69dc52668ee8f\">\n\t\t\t\t\t\t\n\t\t\t\t\t\t<span class=\"forminator-answer--status\" aria-hidden=\"true\">\n\t\t\t\t\t\t\t<i class=\"forminator-icon-check\"><\/i>\n\t\t\t\t\t\t<\/span>\n\n\t\t\t\t\t\t\t\t\t\t\t\t\t<span class=\"forminator-answer--name\">C.\u00a0Mediante preguntas que me hagan reflexionar y un seguimiento riguroso de mis avances y acciones.<\/span>\n\t\t\t\t\t\t\n\t\t\t\t\t\t<\/span>\n\t\t\t\t\t<\/label>\n\n\t\t\t\t\t\n\t\t<\/div>\n\n\t\t<\/div><\/div><div role=\"tabpanel\" id=\"forminator-custom-form-3275--page-2\" class=\"forminator-pagination forminator-hidden\" aria-labelledby=\"forminator-custom-form-3275--page-2-label\" data-step=\"2\" data-label=\"Page 2\"><div class=\"forminator-pagination--content\"><div class=\"forminator-page-indicator\"><span>Page 3 of 4<\/span><\/div>\n\t\t<div\n\t\t\ttabindex=\"0\"\n\t\t\trole=\"radiogroup\"\n\t\t\tid=\"question-6817-1533\"\n\t\t\tclass=\"forminator-question\"\n\t\t\tdata-question-type=\"personality\"\n\t\t\taria-labelledby=\"question-6817-1533-label\"\n\t\t\taria-describedby=\"question-6817-1533-description\"\n\t\t\taria-required=\"true\"\n\t\t>\n\n\t\t\t<span id=\"question-6817-1533-label\" class=\"forminator-legend\">\u00bfQu\u00e9 valoras m\u00e1s en un proceso de acompa\u00f1amiento?<\/span>\n\t\t\t\n\t\t\t\t\t<label for=\"question-6817-1533-0-69dc52668eee3\" class=\"forminator-answer forminator-only--text\">\n\n\t\t\t\t\t\t<input\n\t\t\t\t\t\t\ttype=\"radio\"\n\t\t\t\t\t\t\tname=\"answers[question-6817-1533]\"\n\t\t\t\t\t\t\tvalue=\"0\"\n\t\t\t\t\t\t\tid=\"question-6817-1533-0-69dc52668eee3\"\n\t\t\t\t\t\t\tclass=\"\"\n\t\t\t\t\t\t\/>\n\n\t\t\t\t\t\t<span class=\"forminator-answer--design\" for=\"question-6817-1533-0-69dc52668eee3\">\n\t\t\t\t\t\t\n\t\t\t\t\t\t<span class=\"forminator-answer--status\" aria-hidden=\"true\">\n\t\t\t\t\t\t\t<i class=\"forminator-icon-check\"><\/i>\n\t\t\t\t\t\t<\/span>\n\n\t\t\t\t\t\t\t\t\t\t\t\t\t<span class=\"forminator-answer--name\">A.\u00a0La privacidad total y un espacio seguro para explorar mis vulnerabilidades sin distracciones.<\/span>\n\t\t\t\t\t\t\n\t\t\t\t\t\t<\/span>\n\t\t\t\t\t<\/label>\n\n\t\t\t\t\t\n\t\t\t\t\t<label for=\"question-6817-1533-1-69dc52668eee3\" class=\"forminator-answer forminator-only--text\">\n\n\t\t\t\t\t\t<input\n\t\t\t\t\t\t\ttype=\"radio\"\n\t\t\t\t\t\t\tname=\"answers[question-6817-1533]\"\n\t\t\t\t\t\t\tvalue=\"1\"\n\t\t\t\t\t\t\tid=\"question-6817-1533-1-69dc52668eee3\"\n\t\t\t\t\t\t\tclass=\"\"\n\t\t\t\t\t\t\/>\n\n\t\t\t\t\t\t<span class=\"forminator-answer--design\" for=\"question-6817-1533-1-69dc52668eee3\">\n\t\t\t\t\t\t\n\t\t\t\t\t\t<span class=\"forminator-answer--status\" aria-hidden=\"true\">\n\t\t\t\t\t\t\t<i class=\"forminator-icon-check\"><\/i>\n\t\t\t\t\t\t<\/span>\n\n\t\t\t\t\t\t\t\t\t\t\t\t\t<span class=\"forminator-answer--name\">B.\u00a0La diversidad de perspectivas y la energ\u00eda de una comunidad que avanza junta.<\/span>\n\t\t\t\t\t\t\n\t\t\t\t\t\t<\/span>\n\t\t\t\t\t<\/label>\n\n\t\t\t\t\t\n\t\t\t\t\t<label for=\"question-6817-1533-2-69dc52668eee3\" class=\"forminator-answer forminator-only--text\">\n\n\t\t\t\t\t\t<input\n\t\t\t\t\t\t\ttype=\"radio\"\n\t\t\t\t\t\t\tname=\"answers[question-6817-1533]\"\n\t\t\t\t\t\t\tvalue=\"2\"\n\t\t\t\t\t\t\tid=\"question-6817-1533-2-69dc52668eee3\"\n\t\t\t\t\t\t\tclass=\"\"\n\t\t\t\t\t\t\/>\n\n\t\t\t\t\t\t<span class=\"forminator-answer--design\" for=\"question-6817-1533-2-69dc52668eee3\">\n\t\t\t\t\t\t\n\t\t\t\t\t\t<span class=\"forminator-answer--status\" aria-hidden=\"true\">\n\t\t\t\t\t\t\t<i class=\"forminator-icon-check\"><\/i>\n\t\t\t\t\t\t<\/span>\n\n\t\t\t\t\t\t\t\t\t\t\t\t\t<span class=\"forminator-answer--name\">C.\u00a0La orientaci\u00f3n directa hacia resultados y la rendici\u00f3n de cuentas para asegurar el cumplimiento de mis metas.<\/span>\n\t\t\t\t\t\t\n\t\t\t\t\t\t<\/span>\n\t\t\t\t\t<\/label>\n\n\t\t\t\t\t\n\t\t<\/div>\n\n\t\t<\/div><\/div><div role=\"tabpanel\" id=\"forminator-custom-form-3275--page-3\" class=\"forminator-pagination forminator-hidden\" aria-labelledby=\"forminator-custom-form-3275--page-3-label\" data-step=\"3\" data-label=\"Page 3\"><div class=\"forminator-pagination--content\"><div class=\"forminator-page-indicator\"><span>Page 4 of 4<\/span><\/div>\n\t\t<div\n\t\t\ttabindex=\"0\"\n\t\t\trole=\"radiogroup\"\n\t\t\tid=\"question-6637-9123\"\n\t\t\tclass=\"forminator-question\"\n\t\t\tdata-question-type=\"personality\"\n\t\t\taria-labelledby=\"question-6637-9123-label\"\n\t\t\taria-describedby=\"question-6637-9123-description\"\n\t\t\taria-required=\"true\"\n\t\t>\n\n\t\t\t<span id=\"question-6637-9123-label\" class=\"forminator-legend\">\u00bfCu\u00e1l es tu ritmo ideal para el cambio y el aprendizaje?<\/span>\n\t\t\t\n\t\t\t\t\t<label for=\"question-6637-9123-0-69dc52668ef39\" class=\"forminator-answer forminator-only--text\">\n\n\t\t\t\t\t\t<input\n\t\t\t\t\t\t\ttype=\"radio\"\n\t\t\t\t\t\t\tname=\"answers[question-6637-9123]\"\n\t\t\t\t\t\t\tvalue=\"0\"\n\t\t\t\t\t\t\tid=\"question-6637-9123-0-69dc52668ef39\"\n\t\t\t\t\t\t\tclass=\"\"\n\t\t\t\t\t\t\/>\n\n\t\t\t\t\t\t<span class=\"forminator-answer--design\" for=\"question-6637-9123-0-69dc52668ef39\">\n\t\t\t\t\t\t\n\t\t\t\t\t\t<span class=\"forminator-answer--status\" aria-hidden=\"true\">\n\t\t\t\t\t\t\t<i class=\"forminator-icon-check\"><\/i>\n\t\t\t\t\t\t<\/span>\n\n\t\t\t\t\t\t\t\t\t\t\t\t\t<span class=\"forminator-answer--name\">A.\u00a0Prefiero un proceso intensivo y adaptado exclusivamente a mis tiempos y necesidades individuales.<\/span>\n\t\t\t\t\t\t\n\t\t\t\t\t\t<\/span>\n\t\t\t\t\t<\/label>\n\n\t\t\t\t\t\n\t\t\t\t\t<label for=\"question-6637-9123-1-69dc52668ef39\" class=\"forminator-answer forminator-only--text\">\n\n\t\t\t\t\t\t<input\n\t\t\t\t\t\t\ttype=\"radio\"\n\t\t\t\t\t\t\tname=\"answers[question-6637-9123]\"\n\t\t\t\t\t\t\tvalue=\"1\"\n\t\t\t\t\t\t\tid=\"question-6637-9123-1-69dc52668ef39\"\n\t\t\t\t\t\t\tclass=\"\"\n\t\t\t\t\t\t\/>\n\n\t\t\t\t\t\t<span class=\"forminator-answer--design\" for=\"question-6637-9123-1-69dc52668ef39\">\n\t\t\t\t\t\t\n\t\t\t\t\t\t<span class=\"forminator-answer--status\" aria-hidden=\"true\">\n\t\t\t\t\t\t\t<i class=\"forminator-icon-check\"><\/i>\n\t\t\t\t\t\t<\/span>\n\n\t\t\t\t\t\t\t\t\t\t\t\t\t<span class=\"forminator-answer--name\">B.\u00a0Me gusta el aprendizaje continuo y la inspiraci\u00f3n que surge de la interacci\u00f3n y la experiencia de un grupo a lo largo del tiempo.<\/span>\n\t\t\t\t\t\t\n\t\t\t\t\t\t<\/span>\n\t\t\t\t\t<\/label>\n\n\t\t\t\t\t\n\t\t\t\t\t<label for=\"question-6637-9123-2-69dc52668ef39\" class=\"forminator-answer forminator-only--text\">\n\n\t\t\t\t\t\t<input\n\t\t\t\t\t\t\ttype=\"radio\"\n\t\t\t\t\t\t\tname=\"answers[question-6637-9123]\"\n\t\t\t\t\t\t\tvalue=\"2\"\n\t\t\t\t\t\t\tid=\"question-6637-9123-2-69dc52668ef39\"\n\t\t\t\t\t\t\tclass=\"\"\n\t\t\t\t\t\t\/>\n\n\t\t\t\t\t\t<span class=\"forminator-answer--design\" for=\"question-6637-9123-2-69dc52668ef39\">\n\t\t\t\t\t\t\n\t\t\t\t\t\t<span class=\"forminator-answer--status\" aria-hidden=\"true\">\n\t\t\t\t\t\t\t<i class=\"forminator-icon-check\"><\/i>\n\t\t\t\t\t\t<\/span>\n\n\t\t\t\t\t\t\t\t\t\t\t\t\t<span class=\"forminator-answer--name\">C.\u00a0Necesito un proceso din\u00e1mico y enfocado en la acci\u00f3n que me impulse r\u00e1pidamente hacia mis objetivos.<\/span>\n\t\t\t\t\t\t\n\t\t\t\t\t\t<\/span>\n\t\t\t\t\t<\/label>\n\n\t\t\t\t\t\n\t\t<\/div>\n\n\t\t<\/div><\/div><input type=\"hidden\" name=\"referer_url\" value=\"\" \/><div role=\"tabpanel\" id=\"forminator-custom-form-3275--page-4\" class=\"forminator-pagination forminator-hidden\" aria-labelledby=\"forminator-custom-form-3275--page-4-label\" data-step=\"4\" data-label=\"Page 4\"><div class=\"forminator-pagination--content\"><div class=\"forminator-quiz--result\"><button class=\"forminator-button forminator-button-submit  forminator-pagination-submit\" data-loading=\"Calculating Result\" >Ready to send<\/button><\/div><\/div><\/div><input type=\"hidden\" id=\"forminator_nonce\" name=\"forminator_nonce\" value=\"a259f6e2cc\" \/><input type=\"hidden\" name=\"_wp_http_referer\" value=\"\/en\/wp-json\/wp\/v2\/pages\/3276\" \/><input type=\"hidden\" name=\"has_lead\" value=\"1\"><input type=\"hidden\" name=\"form_id\" value=\"3275\"><input type=\"hidden\" name=\"page_id\" value=\"3276\"><input type=\"hidden\" name=\"current_url\" value=\"https:\/\/bemee.net\/en\/test-mentorias\/\"><input type=\"hidden\" name=\"entry_id\" value=\"\"><input type=\"hidden\" name=\"action\" value=\"forminator_submit_form_quizzes\" \/><\/form><div class=\"forminator-ui forminator-custom-form forminator-custom-form-3274 forminator-design--default  forminator_ajax forminator-leads-form\" data-forminator-render=\"0\" data-form=\"forminator-module-3274\" data-uid=\"69dc52668f122\"><br\/><\/div><form\n\t\t\t\tid=\"forminator-module-3274\"\n\t\t\t\tclass=\"forminator-ui forminator-custom-form forminator-custom-form-3274 forminator-design--default  forminator_ajax forminator-leads-form\"\n\t\t\t\tmethod=\"post\"\n\t\t\t\tdata-forminator-render=\"0\"\n\t\t\t\tdata-form-id=\"3274\"\n\t\t\t\t data-color-option=\"theme\" data-design=\"default\" data-grid=\"open\" style=\"display: none;\"\n\t\t\t\tdata-uid=\"69dc52668f122\"\n\t\t\t><div role=\"alert\" aria-live=\"polite\" class=\"forminator-response-message forminator-error\" aria-hidden=\"true\"><\/div><div class=\"forminator-row\"><div id=\"html-1\" class=\"forminator-field-html forminator-col forminator-col-12 \"><div class=\"forminator-field forminator-merge-tags\" data-field=\"html-1\"><p>Por favor, proporciona tu informaci\u00f3n de contacto para continuar.<\/p><\/div><\/div><\/div><div class=\"forminator-row\"><div id=\"email-1\" class=\"forminator-field-email forminator-col forminator-col-12 \"><div class=\"forminator-field\"><label for=\"forminator-field-email-1_69dc52668f122\" id=\"forminator-field-email-1_69dc52668f122-label\" class=\"forminator-label\">Direcci\u00f3n de correo electr\u00f3nico <span class=\"forminator-required\">*<\/span><\/label><input type=\"email\" name=\"email-1\" value=\"\" placeholder=\"\" id=\"forminator-field-email-1_69dc52668f122\" class=\"forminator-input forminator-email--field\" data-required=\"true\" aria-required=\"true\" autocomplete=\"email\" \/><\/div><\/div><\/div><div class=\"forminator-row\"><div id=\"name-1\" class=\"forminator-field-name forminator-col forminator-col-12 \"><div class=\"forminator-field\"><label for=\"forminator-field-name-1_69dc52668f122\" id=\"forminator-field-name-1_69dc52668f122-label\" class=\"forminator-label\">Nombre <span class=\"forminator-required\">*<\/span><\/label><input type=\"text\" name=\"name-1\" value=\"\" placeholder=\"\" id=\"forminator-field-name-1_69dc52668f122\" class=\"forminator-input forminator-name--field\" aria-required=\"true\" autocomplete=\"name\" \/><\/div><\/div><\/div><div class=\"forminator-row\"><div id=\"consent-1\" class=\"forminator-field-consent forminator-col forminator-col-12 \"><div class=\"forminator-field\"><label for=\"forminator-field-consent-1_69dc52668f122\" id=\"forminator-field-consent-1_69dc52668f122-label\" class=\"forminator-label\">Consentimiento <span class=\"forminator-required\">*<\/span><\/label><div class=\"forminator-checkbox__wrapper\"><label id=\"forminator-field-consent-1_69dc52668f122__label\" class=\"forminator-checkbox forminator-consent\"><input type=\"checkbox\" name=\"consent-1\" id=\"forminator-field-consent-1_69dc52668f122\" value=\"checked\" aria-labelledby=\"forminator-field-consent-1_69dc52668f122-label\" aria-describedby=\"forminator-field-consent-1_69dc52668f122__description\" data-required=\"true\" aria-required=\"true\" \/><span class=\"forminator-checkbox-box\" aria-hidden=\"true\"><\/span><\/label><div id=\"forminator-field-consent-1_69dc52668f122__description\" class=\"forminator-checkbox__label forminator-consent__label\">S\u00ed, estoy de acuerdo con la <a href=\"#\" target=\"_blank\">pol\u00edtica de privacidad<\/a> y <a href=\"#\" target=\"_blank\">condiciones generales<\/a>.<\/div><\/div><\/div><\/div><\/div><input type=\"hidden\" name=\"referer_url\" value=\"\" \/><div class=\"forminator-row forminator-row-last\"><div class=\"forminator-col\"><div class=\"forminator-field\"><button class=\"forminator-button forminator-button-submit\">Enviar<\/button><\/div><\/div><\/div><input type=\"hidden\" id=\"forminator_nonce\" name=\"forminator_nonce\" value=\"8ea50fe327\" \/><input type=\"hidden\" name=\"_wp_http_referer\" value=\"\/en\/wp-json\/wp\/v2\/pages\/3276\" \/><input type=\"hidden\" name=\"form_id\" value=\"3274\"><input type=\"hidden\" name=\"page_id\" value=\"3276\"><input type=\"hidden\" name=\"form_type\" value=\"leads\"><input type=\"hidden\" name=\"current_url\" value=\"https:\/\/bemee.net\/en\/test-mentorias\/\"><input type=\"hidden\" name=\"render_id\" value=\"0\"><input type=\"hidden\" name=\"lead_quiz\" value=\"3275\"><input type=\"hidden\" name=\"action\" value=\"forminator_submit_form_custom-forms\"><\/form><\/div><\/div>\n\t\t\t\t\t\t<\/div>\n\t\t\t\t<\/div>\n\t\t\t\t<\/div>\n\t\t\t\t\t<\/div>\n\t\t\t\t<\/div>\n\t\t\t\t<\/div>\n\t\t","protected":false},"excerpt":{"rendered":"","protected":false},"author":1,"featured_media":0,"parent":0,"menu_order":0,"comment_status":"closed","ping_status":"closed","template":"elementor_header_footer","meta":{"_acf_changed":false,"footnotes":""},"class_list":["post-3276","page","type-page","status-publish","hentry"],"acf":[],"_links":{"self":[{"href":"https:\/\/bemee.net\/en\/wp-json\/wp\/v2\/pages\/3276","targetHints":{"allow":["GET"]}}],"collection":[{"href":"https:\/\/bemee.net\/en\/wp-json\/wp\/v2\/pages"}],"about":[{"href":"https:\/\/bemee.net\/en\/wp-json\/wp\/v2\/types\/page"}],"author":[{"embeddable":true,"href":"https:\/\/bemee.net\/en\/wp-json\/wp\/v2\/users\/1"}],"replies":[{"embeddable":true,"href":"https:\/\/bemee.net\/en\/wp-json\/wp\/v2\/comments?post=3276"}],"version-history":[{"count":19,"href":"https:\/\/bemee.net\/en\/wp-json\/wp\/v2\/pages\/3276\/revisions"}],"predecessor-version":[{"id":3388,"href":"https:\/\/bemee.net\/en\/wp-json\/wp\/v2\/pages\/3276\/revisions\/3388"}],"wp:attachment":[{"href":"https:\/\/bemee.net\/en\/wp-json\/wp\/v2\/media?parent=3276"}],"curies":[{"name":"wp","href":"https:\/\/api.w.org\/{rel}","templated":true}]}}